{"id":12,"date":"2022-08-23T11:16:59","date_gmt":"2022-08-23T09:16:59","guid":{"rendered":"http:\/\/domgoss.pl\/?page_id=12"},"modified":"2024-07-04T13:49:45","modified_gmt":"2024-07-04T11:49:45","slug":"strona-glowna","status":"publish","type":"page","link":"http:\/\/domgoss.pl\/","title":{"rendered":"Strona g\u0142\u00f3wna"},"content":{"rendered":"\t\t<div data-elementor-type=\"wp-page\" data-elementor-id=\"12\" class=\"elementor elementor-12\">\n\t\t\t\t\t\t\t\t\t<section class=\"elementor-section elementor-top-section elementor-element elementor-element-cae2572 elementor-section-boxed elementor-section-height-default elementor-section-height-default\" data-id=\"cae2572\" data-element_type=\"section\">\n\t\t\t\t\t\t<div class=\"elementor-container elementor-column-gap-default\">\n\t\t\t\t\t<div class=\"elementor-column elementor-col-100 elementor-top-column elementor-element elementor-element-af4a55a\" data-id=\"af4a55a\" data-element_type=\"column\">\n\t\t\t<div class=\"elementor-widget-wrap elementor-element-populated\">\n\t\t\t\t\t\t\t\t<div class=\"elementor-element elementor-element-0c086d1 elementor-widget elementor-widget-heading\" data-id=\"0c086d1\" data-element_type=\"widget\" data-widget_type=\"heading.default\">\n\t\t\t\t<div class=\"elementor-widget-container\">\n\t\t\t<style>\/*! elementor - v3.7.2 - 21-08-2022 *\/\n.elementor-heading-title{padding:0;margin:0;line-height:1}.elementor-widget-heading .elementor-heading-title[class*=elementor-size-]>a{color:inherit;font-size:inherit;line-height:inherit}.elementor-widget-heading .elementor-heading-title.elementor-size-small{font-size:15px}.elementor-widget-heading .elementor-heading-title.elementor-size-medium{font-size:19px}.elementor-widget-heading .elementor-heading-title.elementor-size-large{font-size:29px}.elementor-widget-heading .elementor-heading-title.elementor-size-xl{font-size:39px}.elementor-widget-heading .elementor-heading-title.elementor-size-xxl{font-size:59px}<\/style><h2 class=\"elementor-heading-title elementor-size-default\"><b>P.H. DOMGOSS <\/b>SP. Z O.O.<\/h2>\t\t<\/div>\n\t\t\t\t<\/div>\n\t\t\t\t<div class=\"elementor-element elementor-element-af3917a elementor-widget elementor-widget-text-editor\" data-id=\"af3917a\" data-element_type=\"widget\" data-widget_type=\"text-editor.default\">\n\t\t\t\t<div class=\"elementor-widget-container\">\n\t\t\t<style>\/*! elementor - v3.7.2 - 21-08-2022 *\/\n.elementor-widget-text-editor.elementor-drop-cap-view-stacked .elementor-drop-cap{background-color:#818a91;color:#fff}.elementor-widget-text-editor.elementor-drop-cap-view-framed .elementor-drop-cap{color:#818a91;border:3px solid;background-color:transparent}.elementor-widget-text-editor:not(.elementor-drop-cap-view-default) .elementor-drop-cap{margin-top:8px}.elementor-widget-text-editor:not(.elementor-drop-cap-view-default) .elementor-drop-cap-letter{width:1em;height:1em}.elementor-widget-text-editor .elementor-drop-cap{float:left;text-align:center;line-height:1;font-size:50px}.elementor-widget-text-editor .elementor-drop-cap-letter{display:inline-block}<\/style>\t\t\t\t<p>To nowoczesne przedsi\u0119biorstwo handlowe o ugruntowanej pozycji na rynku. Dzi\u0119ki do\u015bwiadczeniu gromadzonemu przez lata nasi klienci mog\u0105 liczy\u0107 na kompleksowe rozwi\u0105zania w zakresie obrotu towarami<br \/><span style=\"font-size: 1.25rem;\">i us\u0142ugami.\u00a0<\/span>P.H. DOMGOSS S.A gromadzi szereg bardzo dynamicznie rozwijaj\u0105cych si\u0119 podmiot\u00f3w \u015bwiadcz\u0105cych us\u0142ugi\u00a0w wielu bran\u017cach na sta\u0142ym, zawsze wysokim poziomie.\u00a0<\/p>\t\t\t\t\t\t<\/div>\n\t\t\t\t<\/div>\n\t\t\t\t\t<\/div>\n\t\t<\/div>\n\t\t\t\t\t\t\t<\/div>\n\t\t<\/section>\n\t\t\t\t<section class=\"elementor-section elementor-top-section elementor-element elementor-element-f4232f8 elementor-section-boxed elementor-section-height-default elementor-section-height-default\" data-id=\"f4232f8\" data-element_type=\"section\">\n\t\t\t\t\t\t<div class=\"elementor-container elementor-column-gap-default\">\n\t\t\t\t\t<div class=\"elementor-column elementor-col-100 elementor-top-column elementor-element elementor-element-fb451e1\" data-id=\"fb451e1\" data-element_type=\"column\">\n\t\t\t<div class=\"elementor-widget-wrap elementor-element-populated\">\n\t\t\t\t\t\t\t\t<div class=\"elementor-element elementor-element-3729d6c elementor-widget elementor-widget-html\" data-id=\"3729d6c\" data-element_type=\"widget\" data-widget_type=\"html.default\">\n\t\t\t\t<div class=\"elementor-widget-container\">\n\t\t\t<iframe src=\"https:\/\/www.google.com\/maps\/embed?pb=!4v1661337549661!6m8!1m7!1szNIrV9nKe0JxU7PlUWW7eA!2m2!1d50.86665823601492!2d20.61498359022737!3f60.38922214079067!4f4.089503561025367!5f0.906083909472305\" width=\"600\" height=\"450\" style=\"border:0;\" allowfullscreen=\"\" loading=\"lazy\" referrerpolicy=\"no-referrer-when-downgrade\"><\/iframe>\t\t<\/div>\n\t\t\t\t<\/div>\n\t\t\t\t\t<\/div>\n\t\t<\/div>\n\t\t\t\t\t\t\t<\/div>\n\t\t<\/section>\n\t\t\t\t<section class=\"elementor-section elementor-top-section elementor-element elementor-element-0880ea0 elementor-section-boxed elementor-section-height-default elementor-section-height-default\" data-id=\"0880ea0\" data-element_type=\"section\">\n\t\t\t\t\t\t<div class=\"elementor-container elementor-column-gap-default\">\n\t\t\t\t\t<div class=\"elementor-column elementor-col-100 elementor-top-column elementor-element elementor-element-436bca8\" data-id=\"436bca8\" data-element_type=\"column\">\n\t\t\t<div class=\"elementor-widget-wrap elementor-element-populated\">\n\t\t\t\t\t\t\t\t<div class=\"elementor-element elementor-element-e11ea89 elementor-widget elementor-widget-heading\" data-id=\"e11ea89\" data-element_type=\"widget\" data-widget_type=\"heading.default\">\n\t\t\t\t<div class=\"elementor-widget-container\">\n\t\t\t<h2 class=\"elementor-heading-title elementor-size-default\">SPRAWD\u0179 NASZE MARKI<\/h2>\t\t<\/div>\n\t\t\t\t<\/div>\n\t\t\t\t\t<\/div>\n\t\t<\/div>\n\t\t\t\t\t\t\t<\/div>\n\t\t<\/section>\n\t\t\t\t<section class=\"elementor-section elementor-top-section elementor-element elementor-element-fbc8e17 elementor-section-boxed elementor-section-height-default elementor-section-height-default\" data-id=\"fbc8e17\" data-element_type=\"section\">\n\t\t\t\t\t\t<div class=\"elementor-container elementor-column-gap-default\">\n\t\t\t\t\t<div class=\"elementor-column elementor-col-20 elementor-top-column elementor-element elementor-element-3a20e08\" data-id=\"3a20e08\" data-element_type=\"column\">\n\t\t\t<div class=\"elementor-widget-wrap elementor-element-populated\">\n\t\t\t\t\t\t\t\t<div class=\"elementor-element elementor-element-0e8e405 elementor-widget elementor-widget-image\" data-id=\"0e8e405\" data-element_type=\"widget\" data-widget_type=\"image.default\">\n\t\t\t\t<div class=\"elementor-widget-container\">\n\t\t\t<style>\/*! elementor - v3.7.2 - 21-08-2022 *\/\n.elementor-widget-image{text-align:center}.elementor-widget-image a{display:inline-block}.elementor-widget-image a img[src$=\".svg\"]{width:48px}.elementor-widget-image img{vertical-align:middle;display:inline-block}<\/style>\t\t\t\t\t\t\t\t\t\t\t\t\t<a href=\"https:\/\/rezino.pl\/\">\n\t\t\t\t\t\t\t<img loading=\"lazy\" decoding=\"async\" width=\"920\" height=\"302\" src=\"http:\/\/domgoss.pl\/wp-content\/uploads\/2022\/08\/rezino-logo-1-1024x336.jpg\" class=\"elementor-animation-bounce-in attachment-large size-large\" alt=\"\" srcset=\"http:\/\/domgoss.pl\/wp-content\/uploads\/2022\/08\/rezino-logo-1-1024x336.jpg 1024w, http:\/\/domgoss.pl\/wp-content\/uploads\/2022\/08\/rezino-logo-1-300x98.jpg 300w, http:\/\/domgoss.pl\/wp-content\/uploads\/2022\/08\/rezino-logo-1-768x252.jpg 768w, http:\/\/domgoss.pl\/wp-content\/uploads\/2022\/08\/rezino-logo-1.jpg 1268w\" sizes=\"auto, (max-width: 920px) 100vw, 920px\" \/>\t\t\t\t\t\t\t\t<\/a>\n\t\t\t\t\t\t\t\t\t\t\t\t\t\t\t<\/div>\n\t\t\t\t<\/div>\n\t\t\t\t\t<\/div>\n\t\t<\/div>\n\t\t\t\t<div class=\"elementor-column elementor-col-20 elementor-top-column elementor-element elementor-element-d5ae7db\" data-id=\"d5ae7db\" data-element_type=\"column\">\n\t\t\t<div class=\"elementor-widget-wrap elementor-element-populated\">\n\t\t\t\t\t\t\t\t<div class=\"elementor-element elementor-element-f9bd006 elementor-widget elementor-widget-image\" data-id=\"f9bd006\" data-element_type=\"widget\" data-widget_type=\"image.default\">\n\t\t\t\t<div class=\"elementor-widget-container\">\n\t\t\t\t\t\t\t\t\t\t\t\t\t\t\t\t<a href=\"http:\/\/pucharyexpert.pl\/\">\n\t\t\t\t\t\t\t<img loading=\"lazy\" decoding=\"async\" width=\"920\" height=\"302\" src=\"http:\/\/domgoss.pl\/wp-content\/uploads\/2022\/08\/puchary-logo-1-1024x336.jpg\" class=\"elementor-animation-bounce-in attachment-large size-large\" alt=\"\" srcset=\"http:\/\/domgoss.pl\/wp-content\/uploads\/2022\/08\/puchary-logo-1-1024x336.jpg 1024w, http:\/\/domgoss.pl\/wp-content\/uploads\/2022\/08\/puchary-logo-1-300x98.jpg 300w, http:\/\/domgoss.pl\/wp-content\/uploads\/2022\/08\/puchary-logo-1-768x252.jpg 768w, http:\/\/domgoss.pl\/wp-content\/uploads\/2022\/08\/puchary-logo-1.jpg 1268w\" sizes=\"auto, (max-width: 920px) 100vw, 920px\" \/>\t\t\t\t\t\t\t\t<\/a>\n\t\t\t\t\t\t\t\t\t\t\t\t\t\t\t<\/div>\n\t\t\t\t<\/div>\n\t\t\t\t\t<\/div>\n\t\t<\/div>\n\t\t\t\t<div class=\"elementor-column elementor-col-20 elementor-top-column elementor-element elementor-element-52a8bb3\" data-id=\"52a8bb3\" data-element_type=\"column\">\n\t\t\t<div class=\"elementor-widget-wrap elementor-element-populated\">\n\t\t\t\t\t\t\t\t<div class=\"elementor-element elementor-element-dd523ed elementor-widget elementor-widget-image\" data-id=\"dd523ed\" data-element_type=\"widget\" data-widget_type=\"image.default\">\n\t\t\t\t<div class=\"elementor-widget-container\">\n\t\t\t\t\t\t\t\t\t\t\t\t\t\t\t\t<a href=\"http:\/\/www.oponomarket.pl\">\n\t\t\t\t\t\t\t<img loading=\"lazy\" decoding=\"async\" width=\"920\" height=\"302\" src=\"http:\/\/domgoss.pl\/wp-content\/uploads\/2022\/08\/opono-market-logo-1024x336.jpg\" class=\"elementor-animation-bounce-in attachment-large size-large\" alt=\"\" srcset=\"http:\/\/domgoss.pl\/wp-content\/uploads\/2022\/08\/opono-market-logo-1024x336.jpg 1024w, http:\/\/domgoss.pl\/wp-content\/uploads\/2022\/08\/opono-market-logo-300x98.jpg 300w, http:\/\/domgoss.pl\/wp-content\/uploads\/2022\/08\/opono-market-logo-768x252.jpg 768w, http:\/\/domgoss.pl\/wp-content\/uploads\/2022\/08\/opono-market-logo.jpg 1268w\" sizes=\"auto, (max-width: 920px) 100vw, 920px\" \/>\t\t\t\t\t\t\t\t<\/a>\n\t\t\t\t\t\t\t\t\t\t\t\t\t\t\t<\/div>\n\t\t\t\t<\/div>\n\t\t\t\t\t<\/div>\n\t\t<\/div>\n\t\t\t\t<div class=\"elementor-column elementor-col-20 elementor-top-column elementor-element elementor-element-d530627\" data-id=\"d530627\" data-element_type=\"column\">\n\t\t\t<div class=\"elementor-widget-wrap elementor-element-populated\">\n\t\t\t\t\t\t\t\t<div class=\"elementor-element elementor-element-bf0dd86 elementor-widget elementor-widget-image\" data-id=\"bf0dd86\" data-element_type=\"widget\" data-widget_type=\"image.default\">\n\t\t\t\t<div class=\"elementor-widget-container\">\n\t\t\t\t\t\t\t\t\t\t\t\t\t\t\t\t<a href=\"http:\/\/www.motobikekids.com\">\n\t\t\t\t\t\t\t<img loading=\"lazy\" decoding=\"async\" width=\"920\" height=\"302\" src=\"http:\/\/domgoss.pl\/wp-content\/uploads\/2022\/08\/motobikekdis-logo-1024x336.jpg\" class=\"elementor-animation-bounce-in attachment-large size-large\" alt=\"\" srcset=\"http:\/\/domgoss.pl\/wp-content\/uploads\/2022\/08\/motobikekdis-logo-1024x336.jpg 1024w, http:\/\/domgoss.pl\/wp-content\/uploads\/2022\/08\/motobikekdis-logo-300x98.jpg 300w, http:\/\/domgoss.pl\/wp-content\/uploads\/2022\/08\/motobikekdis-logo-768x252.jpg 768w, http:\/\/domgoss.pl\/wp-content\/uploads\/2022\/08\/motobikekdis-logo.jpg 1268w\" sizes=\"auto, (max-width: 920px) 100vw, 920px\" \/>\t\t\t\t\t\t\t\t<\/a>\n\t\t\t\t\t\t\t\t\t\t\t\t\t\t\t<\/div>\n\t\t\t\t<\/div>\n\t\t\t\t\t<\/div>\n\t\t<\/div>\n\t\t\t\t<div class=\"elementor-column elementor-col-20 elementor-top-column elementor-element elementor-element-f0cb624\" data-id=\"f0cb624\" data-element_type=\"column\">\n\t\t\t<div class=\"elementor-widget-wrap elementor-element-populated\">\n\t\t\t\t\t\t\t\t<div class=\"elementor-element elementor-element-25b0a4b elementor-widget elementor-widget-image\" data-id=\"25b0a4b\" data-element_type=\"widget\" data-widget_type=\"image.default\">\n\t\t\t\t<div class=\"elementor-widget-container\">\n\t\t\t\t\t\t\t\t\t\t\t\t\t\t\t\t<a href=\"http:\/\/www.lidercars.pl\">\n\t\t\t\t\t\t\t<img loading=\"lazy\" decoding=\"async\" width=\"920\" height=\"302\" src=\"http:\/\/domgoss.pl\/wp-content\/uploads\/2022\/08\/lider-cars-logo-1024x336.jpg\" class=\"elementor-animation-bounce-in attachment-large size-large\" alt=\"\" srcset=\"http:\/\/domgoss.pl\/wp-content\/uploads\/2022\/08\/lider-cars-logo-1024x336.jpg 1024w, http:\/\/domgoss.pl\/wp-content\/uploads\/2022\/08\/lider-cars-logo-300x98.jpg 300w, http:\/\/domgoss.pl\/wp-content\/uploads\/2022\/08\/lider-cars-logo-768x252.jpg 768w, http:\/\/domgoss.pl\/wp-content\/uploads\/2022\/08\/lider-cars-logo.jpg 1268w\" sizes=\"auto, (max-width: 920px) 100vw, 920px\" \/>\t\t\t\t\t\t\t\t<\/a>\n\t\t\t\t\t\t\t\t\t\t\t\t\t\t\t<\/div>\n\t\t\t\t<\/div>\n\t\t\t\t\t<\/div>\n\t\t<\/div>\n\t\t\t\t\t\t\t<\/div>\n\t\t<\/section>\n\t\t\t\t<section class=\"elementor-section elementor-top-section elementor-element elementor-element-3f20188 elementor-section-boxed elementor-section-height-default elementor-section-height-default\" data-id=\"3f20188\" data-element_type=\"section\">\n\t\t\t\t\t\t<div class=\"elementor-container elementor-column-gap-default\">\n\t\t\t\t\t<div class=\"elementor-column elementor-col-100 elementor-top-column elementor-element elementor-element-47731bd\" data-id=\"47731bd\" data-element_type=\"column\">\n\t\t\t<div class=\"elementor-widget-wrap elementor-element-populated\">\n\t\t\t\t\t\t\t\t<div class=\"elementor-element elementor-element-c8a7484 elementor-widget elementor-widget-heading\" data-id=\"c8a7484\" data-element_type=\"widget\" data-widget_type=\"heading.default\">\n\t\t\t\t<div class=\"elementor-widget-container\">\n\t\t\t<h2 class=\"elementor-heading-title elementor-size-default\">KONTAKT<\/h2>\t\t<\/div>\n\t\t\t\t<\/div>\n\t\t\t\t\t<\/div>\n\t\t<\/div>\n\t\t\t\t\t\t\t<\/div>\n\t\t<\/section>\n\t\t\t\t<section class=\"elementor-section elementor-top-section elementor-element elementor-element-9a012cb elementor-section-boxed elementor-section-height-default elementor-section-height-default\" data-id=\"9a012cb\" data-element_type=\"section\">\n\t\t\t\t\t\t<div class=\"elementor-container elementor-column-gap-default\">\n\t\t\t\t\t<div class=\"elementor-column elementor-col-33 elementor-top-column elementor-element elementor-element-967c830\" data-id=\"967c830\" data-element_type=\"column\">\n\t\t\t<div class=\"elementor-widget-wrap elementor-element-populated\">\n\t\t\t\t\t\t\t\t<div class=\"elementor-element elementor-element-90bac4a elementor-widget elementor-widget-text-editor\" data-id=\"90bac4a\" data-element_type=\"widget\" data-widget_type=\"text-editor.default\">\n\t\t\t\t<div class=\"elementor-widget-container\">\n\t\t\t\t\t\t\t<p><strong>Mail:<\/strong><br \/>info@rezino.pl<\/p><p><strong>Tel.\u00a0<\/strong><br \/>881200853<\/p><p><b>P.H. DOMGOSS SP. Z O.O.<\/b><br \/><span style=\"font-size: 1.25rem;\">ul. Ch\u0119ci\u0144ska 14a<br \/><\/span><span style=\"font-size: 1.25rem;\">25-020 Kielce<br \/><\/span><span style=\"font-size: 1.25rem;\">NIP: 9591342724<br \/><\/span><\/p>\t\t\t\t\t\t<\/div>\n\t\t\t\t<\/div>\n\t\t\t\t\t<\/div>\n\t\t<\/div>\n\t\t\t\t<div class=\"elementor-column elementor-col-66 elementor-top-column elementor-element elementor-element-34e449a\" data-id=\"34e449a\" data-element_type=\"column\">\n\t\t\t<div class=\"elementor-widget-wrap elementor-element-populated\">\n\t\t\t\t\t\t\t\t<div class=\"elementor-element elementor-element-89abe6c elementor-widget elementor-widget-google_maps\" data-id=\"89abe6c\" data-element_type=\"widget\" data-widget_type=\"google_maps.default\">\n\t\t\t\t<div class=\"elementor-widget-container\">\n\t\t\t<style>\/*! elementor - v3.7.2 - 21-08-2022 *\/\n.elementor-widget-google_maps .elementor-widget-container{overflow:hidden}.elementor-widget-google_maps iframe{height:300px}<\/style>\t\t<div class=\"elementor-custom-embed\">\n\t\t\t<iframe frameborder=\"0\" scrolling=\"no\" marginheight=\"0\" marginwidth=\"0\"\n\t\t\t\t\tsrc=\"https:\/\/maps.google.com\/maps?q=Kielce%20Ch%C4%99ci%C5%84ska%2014a&#038;t=m&#038;z=15&#038;output=embed&#038;iwloc=near\"\n\t\t\t\t\ttitle=\"Kielce Ch\u0119ci\u0144ska 14a\"\n\t\t\t\t\taria-label=\"Kielce Ch\u0119ci\u0144ska 14a\"\n\t\t\t><\/iframe>\n\t\t<\/div>\n\t\t\t\t<\/div>\n\t\t\t\t<\/div>\n\t\t\t\t\t<\/div>\n\t\t<\/div>\n\t\t\t\t\t\t\t<\/div>\n\t\t<\/section>\n\t\t\t\t\t\t\t<\/div>\n\t\t","protected":false},"excerpt":{"rendered":"<p>P.H. DOMGOSS SP. Z O.O. To nowoczesne przedsi\u0119biorstwo handlowe o ugruntowanej pozycji na rynku. Dzi\u0119ki do\u015bwiadczeniu gromadzonemu przez lata nasi<\/p>\n<p><a href=\"http:\/\/domgoss.pl\/\" class=\"more-link\">Continue reading<span class=\"screen-reader-text\">Strona g\u0142\u00f3wna<\/span><\/a><\/p>\n","protected":false},"author":1,"featured_media":0,"parent":0,"menu_order":0,"comment_status":"closed","ping_status":"closed","template":"","meta":{"footnotes":""},"class_list":["post-12","page","type-page","status-publish","hentry"],"yoast_head":"<!-- This site is optimized with the Yoast SEO plugin v19.6 - https:\/\/yoast.com\/wordpress\/plugins\/seo\/ -->\n<title>P.H Domgoss SP. Z O.O. - Tw\u00f3j zaufany partner w handlu ju\u017c od 20 lat.<\/title>\n<meta name=\"description\" content=\"Nowoczesne przedsi\u0119biorstwo handlowe o ugruntowanej pozycji na rynku. Dzi\u0119ki do\u015bwiadczeniu klienci mog\u0105 liczy\u0107 na kompleksowe rozwi\u0105zania.\" \/>\n<meta name=\"robots\" content=\"index, follow, max-snippet:-1, max-image-preview:large, max-video-preview:-1\" \/>\n<link rel=\"canonical\" href=\"http:\/\/domgoss.pl\/\" \/>\n<meta property=\"og:locale\" content=\"pl_PL\" \/>\n<meta property=\"og:type\" content=\"article\" \/>\n<meta property=\"og:title\" content=\"P.H Domgoss SP. Z O.O. - Tw\u00f3j zaufany partner w handlu ju\u017c od 20 lat.\" \/>\n<meta property=\"og:description\" content=\"Nowoczesne przedsi\u0119biorstwo handlowe o ugruntowanej pozycji na rynku. Dzi\u0119ki do\u015bwiadczeniu klienci mog\u0105 liczy\u0107 na kompleksowe rozwi\u0105zania.\" \/>\n<meta property=\"og:url\" content=\"http:\/\/domgoss.pl\/\" \/>\n<meta property=\"og:site_name\" content=\"P.H Domgoss SP. Z O.O. - Tw\u00f3j zaufany partner w handlu ju\u017c od 20 lat.\" \/>\n<meta property=\"article:modified_time\" content=\"2024-07-04T11:49:45+00:00\" \/>\n<meta property=\"og:image\" content=\"http:\/\/domgoss.pl\/wp-content\/uploads\/2022\/08\/cropped-cropped-Domgoss.png\" \/>\n\t<meta property=\"og:image:width\" content=\"512\" \/>\n\t<meta property=\"og:image:height\" content=\"512\" \/>\n\t<meta property=\"og:image:type\" content=\"image\/png\" \/>\n<meta name=\"twitter:card\" content=\"summary_large_image\" \/>\n<meta name=\"twitter:image\" content=\"http:\/\/domgoss.pl\/wp-content\/uploads\/2022\/08\/cropped-cropped-Domgoss.png\" \/>\n<meta name=\"twitter:label1\" content=\"Szacowany czas czytania\" \/>\n\t<meta name=\"twitter:data1\" content=\"3 minuty\" \/>\n<script type=\"application\/ld+json\" class=\"yoast-schema-graph\">{\"@context\":\"https:\/\/schema.org\",\"@graph\":[{\"@type\":\"WebPage\",\"@id\":\"http:\/\/domgoss.pl\/\",\"url\":\"http:\/\/domgoss.pl\/\",\"name\":\"P.H Domgoss SP. Z O.O. - Tw\u00f3j zaufany partner w handlu ju\u017c od 20 lat.\",\"isPartOf\":{\"@id\":\"http:\/\/domgoss.pl\/#website\"},\"datePublished\":\"2022-08-23T09:16:59+00:00\",\"dateModified\":\"2024-07-04T11:49:45+00:00\",\"description\":\"Nowoczesne przedsi\u0119biorstwo handlowe o ugruntowanej pozycji na rynku. Dzi\u0119ki do\u015bwiadczeniu klienci mog\u0105 liczy\u0107 na kompleksowe rozwi\u0105zania.\",\"breadcrumb\":{\"@id\":\"http:\/\/domgoss.pl\/#breadcrumb\"},\"inLanguage\":\"pl-PL\",\"potentialAction\":[{\"@type\":\"ReadAction\",\"target\":[\"http:\/\/domgoss.pl\/\"]}]},{\"@type\":\"BreadcrumbList\",\"@id\":\"http:\/\/domgoss.pl\/#breadcrumb\",\"itemListElement\":[{\"@type\":\"ListItem\",\"position\":1,\"name\":\"Home\",\"item\":\"http:\/\/domgoss.pl\/\"},{\"@type\":\"ListItem\",\"position\":2,\"name\":\"Strona g\u0142\u00f3wna\"}]},{\"@type\":\"WebSite\",\"@id\":\"http:\/\/domgoss.pl\/#website\",\"url\":\"http:\/\/domgoss.pl\/\",\"name\":\"P.H Domgoss SP. Z O.O. - Tw\u00f3j zaufany partner w handlu ju\u017c od 20 lat.\",\"description\":\"Nowoczesne i kompleksowe rozwi\u0105zania biznesowe\",\"potentialAction\":[{\"@type\":\"SearchAction\",\"target\":{\"@type\":\"EntryPoint\",\"urlTemplate\":\"http:\/\/domgoss.pl\/?s={search_term_string}\"},\"query-input\":\"required name=search_term_string\"}],\"inLanguage\":\"pl-PL\"}]}<\/script>\n<!-- \/ Yoast SEO plugin. -->","yoast_head_json":{"title":"P.H Domgoss SP. Z O.O. - Tw\u00f3j zaufany partner w handlu ju\u017c od 20 lat.","description":"Nowoczesne przedsi\u0119biorstwo handlowe o ugruntowanej pozycji na rynku. Dzi\u0119ki do\u015bwiadczeniu klienci mog\u0105 liczy\u0107 na kompleksowe rozwi\u0105zania.","robots":{"index":"index","follow":"follow","max-snippet":"max-snippet:-1","max-image-preview":"max-image-preview:large","max-video-preview":"max-video-preview:-1"},"canonical":"http:\/\/domgoss.pl\/","og_locale":"pl_PL","og_type":"article","og_title":"P.H Domgoss SP. Z O.O. - Tw\u00f3j zaufany partner w handlu ju\u017c od 20 lat.","og_description":"Nowoczesne przedsi\u0119biorstwo handlowe o ugruntowanej pozycji na rynku. Dzi\u0119ki do\u015bwiadczeniu klienci mog\u0105 liczy\u0107 na kompleksowe rozwi\u0105zania.","og_url":"http:\/\/domgoss.pl\/","og_site_name":"P.H Domgoss SP. Z O.O. - Tw\u00f3j zaufany partner w handlu ju\u017c od 20 lat.","article_modified_time":"2024-07-04T11:49:45+00:00","og_image":[{"width":512,"height":512,"url":"http:\/\/domgoss.pl\/wp-content\/uploads\/2022\/08\/cropped-cropped-Domgoss.png","type":"image\/png"}],"twitter_card":"summary_large_image","twitter_image":"http:\/\/domgoss.pl\/wp-content\/uploads\/2022\/08\/cropped-cropped-Domgoss.png","twitter_misc":{"Szacowany czas czytania":"3 minuty"},"schema":{"@context":"https:\/\/schema.org","@graph":[{"@type":"WebPage","@id":"http:\/\/domgoss.pl\/","url":"http:\/\/domgoss.pl\/","name":"P.H Domgoss SP. Z O.O. - Tw\u00f3j zaufany partner w handlu ju\u017c od 20 lat.","isPartOf":{"@id":"http:\/\/domgoss.pl\/#website"},"datePublished":"2022-08-23T09:16:59+00:00","dateModified":"2024-07-04T11:49:45+00:00","description":"Nowoczesne przedsi\u0119biorstwo handlowe o ugruntowanej pozycji na rynku. Dzi\u0119ki do\u015bwiadczeniu klienci mog\u0105 liczy\u0107 na kompleksowe rozwi\u0105zania.","breadcrumb":{"@id":"http:\/\/domgoss.pl\/#breadcrumb"},"inLanguage":"pl-PL","potentialAction":[{"@type":"ReadAction","target":["http:\/\/domgoss.pl\/"]}]},{"@type":"BreadcrumbList","@id":"http:\/\/domgoss.pl\/#breadcrumb","itemListElement":[{"@type":"ListItem","position":1,"name":"Home","item":"http:\/\/domgoss.pl\/"},{"@type":"ListItem","position":2,"name":"Strona g\u0142\u00f3wna"}]},{"@type":"WebSite","@id":"http:\/\/domgoss.pl\/#website","url":"http:\/\/domgoss.pl\/","name":"P.H Domgoss SP. Z O.O. - Tw\u00f3j zaufany partner w handlu ju\u017c od 20 lat.","description":"Nowoczesne i kompleksowe rozwi\u0105zania biznesowe","potentialAction":[{"@type":"SearchAction","target":{"@type":"EntryPoint","urlTemplate":"http:\/\/domgoss.pl\/?s={search_term_string}"},"query-input":"required name=search_term_string"}],"inLanguage":"pl-PL"}]}},"_links":{"self":[{"href":"http:\/\/domgoss.pl\/index.php?rest_route=\/wp\/v2\/pages\/12","targetHints":{"allow":["GET"]}}],"collection":[{"href":"http:\/\/domgoss.pl\/index.php?rest_route=\/wp\/v2\/pages"}],"about":[{"href":"http:\/\/domgoss.pl\/index.php?rest_route=\/wp\/v2\/types\/page"}],"author":[{"embeddable":true,"href":"http:\/\/domgoss.pl\/index.php?rest_route=\/wp\/v2\/users\/1"}],"replies":[{"embeddable":true,"href":"http:\/\/domgoss.pl\/index.php?rest_route=%2Fwp%2Fv2%2Fcomments&post=12"}],"version-history":[{"count":103,"href":"http:\/\/domgoss.pl\/index.php?rest_route=\/wp\/v2\/pages\/12\/revisions"}],"predecessor-version":[{"id":180,"href":"http:\/\/domgoss.pl\/index.php?rest_route=\/wp\/v2\/pages\/12\/revisions\/180"}],"wp:attachment":[{"href":"http:\/\/domgoss.pl\/index.php?rest_route=%2Fwp%2Fv2%2Fmedia&parent=12"}],"curies":[{"name":"wp","href":"https:\/\/api.w.org\/{rel}","templated":true}]}}